{"id":1425,"date":"2022-06-20T10:45:26","date_gmt":"2022-06-20T15:45:26","guid":{"rendered":"http:\/\/premier-ins.seven.zysites.com\/about-us\/"},"modified":"2026-03-10T17:22:23","modified_gmt":"2026-03-10T22:22:23","slug":"about-us","status":"publish","type":"page","link":"https:\/\/www.mundymillpremier.com\/es\/about-us\/","title":{"rendered":"Sobre Nosotros"},"content":{"rendered":"<h2 class=\"text-center\">No solo vendemos seguros, sino que tambi\u00e9n ofrecemos servicios. As\u00ed es como construimos nuestra empresa.<\/h2>\n<p><img decoding=\"async\" class=\"img-responsive aligncenter lazyload\" data-src=\"\/wp-content\/uploads\/sites\/55\/2026\/03\/desk_2_copy.jpg\" alt=\"Seguros asequibles de agentes profesionales.\" data-ada-not-tabbable=\"true\" src=\"data:image\/svg+xml;base64,PHN2ZyB3aWR0aD0iMSIgaGVpZ2h0PSIxIiB4bWxucz0iaHR0cDovL3d3dy53My5vcmcvMjAwMC9zdmciPjwvc3ZnPg==\" style=\"--smush-placeholder-width: 800px; --smush-placeholder-aspect-ratio: 800\/450;\" \/><\/p>\n<div class=\"about-us-pagecontent\">\n<p>Ofrecemos seguros personales a la comunidad local desde 1987. Pero nuestra misi\u00f3n nunca ha cambiado&#8230;<\/p>\n<hr \/>\n<p>Estamos aqu\u00ed para ayudarte a encontrar la mejor y m\u00e1s asequible cobertura para ti y tu familia.<\/p>\n<p>Con nuestra agencia independiente a tu lado, simplificamos al m\u00e1ximo el proceso de seguro. Representamos a muchas compa\u00f1\u00edas de seguros para que pueda encontrar el seguro ideal para sus necesidades.<br \/>\nLa mayor\u00eda de nuestros clientes nos recomiendan a sus familiares y amigos gracias a nuestra excelente atenci\u00f3n al cliente.<\/p>\n<p>\u00abSon una excelente compa\u00f1\u00eda y sus representantes de atenci\u00f3n al cliente en la oficina son extremadamente serviciales.\u00bb -Lisa S.<\/p>\n<p>Obtenga una cotizaci\u00f3n aqu\u00ed &#8211;> <a href=\"https:\/\/premier-ins.seven.zysites.com\/es\/instant-insurance-quote\/\">Cotizaci\u00f3n de auto instant\u00e1nea<\/a><\/p>\n<p><\/strong><\/p>\n<hr \/>\n<p>&nbsp;<\/p>\n<p class=\"text-center\"><em><strong>Meet Our Team<\/strong><\/em><\/p>\n<p>&nbsp;<\/p>\n<div class=\"staff-photo\">\n<img decoding=\"async\" class=\"alignnone size-full wp-image-1441 lazyload\" data-src=\"\/wp-content\/uploads\/sites\/55\/2026\/03\/andi.jpg\" alt=\"\" width=\"200\" height=\"200\" src=\"data:image\/svg+xml;base64,PHN2ZyB3aWR0aD0iMSIgaGVpZ2h0PSIxIiB4bWxucz0iaHR0cDovL3d3dy53My5vcmcvMjAwMC9zdmciPjwvc3ZnPg==\" style=\"--smush-placeholder-width: 200px; --smush-placeholder-aspect-ratio: 200\/200;\" \/><br \/>\n<img decoding=\"async\" class=\"alignnone size-medium wp-image-1443 lazyload\" data-src=\"\/wp-content\/uploads\/sites\/55\/2026\/03\/cindy.jpg\" alt=\"\" width=\"200\" height=\"200\" src=\"data:image\/svg+xml;base64,PHN2ZyB3aWR0aD0iMSIgaGVpZ2h0PSIxIiB4bWxucz0iaHR0cDovL3d3dy53My5vcmcvMjAwMC9zdmciPjwvc3ZnPg==\" style=\"--smush-placeholder-width: 200px; --smush-placeholder-aspect-ratio: 200\/200;\" \/><br \/>\n<img decoding=\"async\" class=\"alignnone size-medium wp-image-1445 lazyload\" data-src=\"\/wp-content\/uploads\/sites\/55\/2026\/03\/jessica.jpg\" alt=\"\" width=\"200\" height=\"200\" src=\"data:image\/svg+xml;base64,PHN2ZyB3aWR0aD0iMSIgaGVpZ2h0PSIxIiB4bWxucz0iaHR0cDovL3d3dy53My5vcmcvMjAwMC9zdmciPjwvc3ZnPg==\" style=\"--smush-placeholder-width: 200px; --smush-placeholder-aspect-ratio: 200\/200;\" \/><br \/>\n<img decoding=\"async\" class=\"alignnone size-medium wp-image-1447 lazyload\" data-src=\"\/wp-content\/uploads\/sites\/55\/2026\/03\/laurie.jpg\" alt=\"\" width=\"200\" height=\"200\" src=\"data:image\/svg+xml;base64,PHN2ZyB3aWR0aD0iMSIgaGVpZ2h0PSIxIiB4bWxucz0iaHR0cDovL3d3dy53My5vcmcvMjAwMC9zdmciPjwvc3ZnPg==\" style=\"--smush-placeholder-width: 200px; --smush-placeholder-aspect-ratio: 200\/200;\" \/><br \/>\n<img decoding=\"async\" class=\"alignnone size-medium wp-image-1449 lazyload\" data-src=\"\/wp-content\/uploads\/sites\/55\/2026\/03\/linda.jpg\" alt=\"\" width=\"200\" height=\"200\" src=\"data:image\/svg+xml;base64,PHN2ZyB3aWR0aD0iMSIgaGVpZ2h0PSIxIiB4bWxucz0iaHR0cDovL3d3dy53My5vcmcvMjAwMC9zdmciPjwvc3ZnPg==\" style=\"--smush-placeholder-width: 200px; --smush-placeholder-aspect-ratio: 200\/200;\" \/><br \/>\n<img decoding=\"async\" class=\"alignnone size-medium wp-image-1451 lazyload\" data-src=\"\/wp-content\/uploads\/sites\/55\/2026\/03\/liz.jpg\" alt=\"\" width=\"200\" height=\"200\" src=\"data:image\/svg+xml;base64,PHN2ZyB3aWR0aD0iMSIgaGVpZ2h0PSIxIiB4bWxucz0iaHR0cDovL3d3dy53My5vcmcvMjAwMC9zdmciPjwvc3ZnPg==\" style=\"--smush-placeholder-width: 200px; --smush-placeholder-aspect-ratio: 200\/200;\" \/><br \/>\n<img decoding=\"async\" class=\"alignnone size-medium wp-image-1453 lazyload\" data-src=\"\/wp-content\/uploads\/sites\/55\/2026\/03\/penny.jpg\" alt=\"\" width=\"200\" height=\"200\" src=\"data:image\/svg+xml;base64,PHN2ZyB3aWR0aD0iMSIgaGVpZ2h0PSIxIiB4bWxucz0iaHR0cDovL3d3dy53My5vcmcvMjAwMC9zdmciPjwvc3ZnPg==\" style=\"--smush-placeholder-width: 200px; --smush-placeholder-aspect-ratio: 200\/200;\" \/><br \/>\n<img decoding=\"async\" class=\"alignnone size-medium wp-image-1455 lazyload\" data-src=\"\/wp-content\/uploads\/sites\/55\/2026\/03\/melissa.jpg\" alt=\"\" width=\"200\" height=\"200\" src=\"data:image\/svg+xml;base64,PHN2ZyB3aWR0aD0iMSIgaGVpZ2h0PSIxIiB4bWxucz0iaHR0cDovL3d3dy53My5vcmcvMjAwMC9zdmciPjwvc3ZnPg==\" style=\"--smush-placeholder-width: 200px; --smush-placeholder-aspect-ratio: 200\/200;\" \/><br \/>\n<img decoding=\"async\" class=\"alignnone size-medium wp-image-1457 lazyload\" data-src=\"\/wp-content\/uploads\/sites\/55\/2026\/03\/mariela.jpg\" alt=\"\" width=\"200\" height=\"200\" src=\"data:image\/svg+xml;base64,PHN2ZyB3aWR0aD0iMSIgaGVpZ2h0PSIxIiB4bWxucz0iaHR0cDovL3d3dy53My5vcmcvMjAwMC9zdmciPjwvc3ZnPg==\" style=\"--smush-placeholder-width: 200px; --smush-placeholder-aspect-ratio: 200\/200;\" \/><br \/>\n<img decoding=\"async\" class=\"alignnone size-medium wp-image-1459 lazyload\" data-src=\"\/wp-content\/uploads\/sites\/55\/2026\/03\/tanya.jpg\" alt=\"\" width=\"200\" height=\"200\" src=\"data:image\/svg+xml;base64,PHN2ZyB3aWR0aD0iMSIgaGVpZ2h0PSIxIiB4bWxucz0iaHR0cDovL3d3dy53My5vcmcvMjAwMC9zdmciPjwvc3ZnPg==\" style=\"--smush-placeholder-width: 200px; --smush-placeholder-aspect-ratio: 200\/200;\" \/><br \/>\n<img decoding=\"async\" class=\"alignnone size-medium wp-image-1461 lazyload\" data-src=\"\/wp-content\/uploads\/sites\/55\/2026\/03\/tiffany.jpg\" alt=\"\" width=\"200\" height=\"200\" src=\"data:image\/svg+xml;base64,PHN2ZyB3aWR0aD0iMSIgaGVpZ2h0PSIxIiB4bWxucz0iaHR0cDovL3d3dy53My5vcmcvMjAwMC9zdmciPjwvc3ZnPg==\" style=\"--smush-placeholder-width: 200px; --smush-placeholder-aspect-ratio: 200\/200;\" \/><br \/>\n<img decoding=\"async\" class=\"alignnone size-medium wp-image-1463 lazyload\" data-src=\"\/wp-content\/uploads\/sites\/55\/2026\/03\/vicki.jpg\" alt=\"\" width=\"200\" height=\"200\" src=\"data:image\/svg+xml;base64,PHN2ZyB3aWR0aD0iMSIgaGVpZ2h0PSIxIiB4bWxucz0iaHR0cDovL3d3dy53My5vcmcvMjAwMC9zdmciPjwvc3ZnPg==\" style=\"--smush-placeholder-width: 200px; --smush-placeholder-aspect-ratio: 200\/200;\" \/><br \/>\n<img decoding=\"async\" class=\"alignnone size-medium wp-image-1465 lazyload\" data-src=\"\/wp-content\/uploads\/sites\/55\/2026\/03\/ben.jpg\" alt=\"\" width=\"200\" height=\"200\" src=\"data:image\/svg+xml;base64,PHN2ZyB3aWR0aD0iMSIgaGVpZ2h0PSIxIiB4bWxucz0iaHR0cDovL3d3dy53My5vcmcvMjAwMC9zdmciPjwvc3ZnPg==\" style=\"--smush-placeholder-width: 200px; --smush-placeholder-aspect-ratio: 200\/200;\" \/><br \/>\n<img decoding=\"async\" class=\"alignnone size-medium wp-image-1467 lazyload\" data-src=\"\/wp-content\/uploads\/sites\/55\/2026\/03\/phil.jpg\" alt=\"\" width=\"200\" height=\"200\" src=\"data:image\/svg+xml;base64,PHN2ZyB3aWR0aD0iMSIgaGVpZ2h0PSIxIiB4bWxucz0iaHR0cDovL3d3dy53My5vcmcvMjAwMC9zdmciPjwvc3ZnPg==\" style=\"--smush-placeholder-width: 200px; --smush-placeholder-aspect-ratio: 200\/200;\" \/>\n<\/div>\n<\/div>\n","protected":false},"excerpt":{"rendered":"<p>No solo vendemos seguros, sino que tambi\u00e9n ofrecemos servicios. As\u00ed es como construimos nuestra empresa. Ofrecemos seguros personales a la [&hellip;]<\/p>\n","protected":false},"author":69,"featured_media":0,"parent":0,"menu_order":0,"comment_status":"closed","ping_status":"closed","template":"","meta":{"_acf_changed":false,"_seopress_robots_primary_cat":"","_seopress_titles_title":"","_seopress_titles_desc":"","_seopress_robots_index":"","_analytify_skip_tracking":false,"footnotes":""},"class_list":["post-1425","page","type-page","status-publish","hentry"],"acf":[],"_links":{"self":[{"href":"https:\/\/www.mundymillpremier.com\/es\/wp-json\/wp\/v2\/pages\/1425","targetHints":{"allow":["GET"]}}],"collection":[{"href":"https:\/\/www.mundymillpremier.com\/es\/wp-json\/wp\/v2\/pages"}],"about":[{"href":"https:\/\/www.mundymillpremier.com\/es\/wp-json\/wp\/v2\/types\/page"}],"author":[{"embeddable":true,"href":"https:\/\/www.mundymillpremier.com\/es\/wp-json\/wp\/v2\/users\/69"}],"replies":[{"embeddable":true,"href":"https:\/\/www.mundymillpremier.com\/es\/wp-json\/wp\/v2\/comments?post=1425"}],"version-history":[{"count":0,"href":"https:\/\/www.mundymillpremier.com\/es\/wp-json\/wp\/v2\/pages\/1425\/revisions"}],"wp:attachment":[{"href":"https:\/\/www.mundymillpremier.com\/es\/wp-json\/wp\/v2\/media?parent=1425"}],"curies":[{"name":"wp","href":"https:\/\/api.w.org\/{rel}","templated":true}]}}